{"id":29,"date":"2015-11-27T19:01:50","date_gmt":"2015-11-27T19:01:50","guid":{"rendered":"http:\/\/clientes.visanacomunicacao.com.br\/investigacao\/?page_id=29"},"modified":"2023-08-11T01:09:54","modified_gmt":"2023-08-11T04:09:54","slug":"informacoes","status":"publish","type":"page","link":"https:\/\/investigacaoemdermatologia.com.br\/?page_id=29","title":{"rendered":"Informa\u00e7\u00f5es"},"content":{"rendered":"<h2>O que \u00e9 dermatopatologia?<\/h2>\n<p>A dermatopatologia \u00e9 a \u00e1rea da medicina respons\u00e1vel pelo diagn\u00f3stico das doen\u00e7as da pele atrav\u00e9s da an\u00e1lise microsc\u00f3pica de fragmentos cut\u00e2neos e da correla\u00e7\u00e3o destes achados com as caracter\u00edsticas cl\u00ednicas apresentadas pelo paciente. Trata-se de uma sub-especialidade que \u00e9 a interface da dermatologia (diagn\u00f3stico e tratamento das doen\u00e7as da pele, mucosas externas, cabelos e unhas) com a anatomia patol\u00f3gica (diagn\u00f3stico microsc\u00f3pio das doen\u00e7as).<\/p>\n<h2>Quem \u00e9 o dermatopatologista?<\/h2>\n<p>O dermatopatologista \u00e9 um m\u00e9dico altamente especializado, que cursou resid\u00eancia m\u00e9dica em dermatologia e\/ou anatomia patol\u00f3gica e, posteriormente, recebeu treinamento espec\u00edfico em dermatopatologia. Independentemente da forma\u00e7\u00e3o inicial, o dermatopatologista deve dominar os princ\u00edpios b\u00e1sicos das duas especialidades e ser capaz de integrar este conhecimento em benef\u00edcio do paciente.<\/p>\n<h2>Para que serve o exame dermatopatol\u00f3gico?<\/h2>\n<p>A dermatologia \u00e9\u00a0 o campo da medicina com o maior n\u00famero de doen\u00e7as. Na maioria das vezes, o dermatologista \u00e9 capaz de determinar o diagn\u00f3stico correto, utilizando-se apenas do exame f\u00edsico. No entanto, h\u00e1 situa\u00e7\u00f5es nas quais doen\u00e7as distintas apresentam manifesta\u00e7\u00f5es cl\u00ednicas semelhantes, apesar de comportamento, progn\u00f3stico e tratamentos diversos.\u00a0 Nestes casos, o exame microsc\u00f3pico da pele lesada traz grande quantidade de informa\u00e7\u00f5es adicionais e estabelece o diagn\u00f3stico na maioria dos casos, sendo considerado o padr\u00e3o-ouro para os c\u00e2nceres da pele e a maior parte das dermatoses inflamat\u00f3rias.<\/p>\n<h2>No que o exame dermatopatol\u00f3gico difere de outros exames?<\/h2>\n<p>O exame dermatopatol\u00f3gico n\u00e3o \u00e9 somente mais um exame automatizado como a maioria dos exames de sangue, urina e fezes. Trata-se de uma consultoria individualizada, na qual o dermatopatologista integra as altera\u00e7\u00f5es observadas ao microsc\u00f3pio, com informa\u00e7\u00f5es cl\u00ednicas fornecidas pelo dermatologista solicitante (idade, sexo e cor do paciente; local da bi\u00f3psia; distribui\u00e7\u00e3o, tempo de evolu\u00e7\u00e3o, arranjo e morfologia das les\u00f5es cut\u00e2neas) em benef\u00edcio do diagn\u00f3stico preciso. Em casos que fogem a rotina, o dermatologista e o dermatopatologista discutem minuciosamente as possibilidades e, eventualmente, o exame do paciente pelo dermatolopatogista se faz necess\u00e1rio para esclarecimento da quest\u00e3o.<\/p>\n<h2>Como os dermatologistas e os cirurgi\u00f5es podem contribuir para a excelente qualidade t\u00e9cnica do exame dermatopatol\u00f3gico?<\/h2>\n<p>A qualidade dos cortes histol\u00f3gicos trazem grande impacto na atividade dos dermatopatologistas.<\/p>\n<p>Atitudes simples no momento da bi\u00f3psia evitam artefatos que, dependendo da intensidade e extens\u00e3o, podem inviabilizar a an\u00e1lise do material.<\/p>\n<p><strong>Seguem algumas dicas de simples implementa\u00e7\u00e3o:<\/strong><\/p>\n<ul>\n<li>Identifique o frasco no qual o material ser\u00e1 acondicionado imediatamente antes da coleta. A etiqueta deve conter o nome do paciente e a regi\u00e3o anat\u00f4mica de onde a pe\u00e7a foi extra\u00edda. N\u00e3o delegue isso a terceiros.<\/li>\n<li>Caso fa\u00e7a mais de uma biopsia no mesmo paciente, acondicione cada um dos esp\u00e9cimes em um frasco separado, identificando a regi\u00e3o de cada um.<\/li>\n<li>As pe\u00e7as cir\u00fargicas devem ser fixadas em formol tamponado a 10%. No entanto, como o formol puro \u00e9 na verdade um formol a 36-40%, algumas pessoas podem ser induzidas a fazer a conta errada. O \u201cformol a 10%\u201d a que nos referimos no dia-a-dia quer dizer uma parte da solu\u00e7\u00e3o comercial de formalde\u00eddo para nove partes de \u00e1gua ou soro fisiol\u00f3gico.<\/li>\n<li>Sugerimos que use o formol fornecido pela <strong>ID \u2013 Investiga\u00e7\u00e3o em Dermatologia<\/strong>. Ele \u00e9 preparado com carinho para que o exame fique perfeito. Nosso formol \u00e9 dilu\u00eddo com \u00e1gua destilada e tamponado. F\u00f3rmula: 500ml de Formalde\u00eddo PA, fosfato de s\u00f3dio dib\u00e1sico anidro 32,5g, fosfato de s\u00f3dio monob\u00e1sico b\u00e1sico anidro 20g e \u00e1gua destilada q.s.p 5 litros de solu\u00e7\u00e3o.<\/li>\n<li>O material s\u00f3 deve ser fixado em \u00e1lcool em situa\u00e7\u00f5es especiais. Uma delas \u00e9 quando a bi\u00f3psia \u00e9 de um tofo gotoso, pois o \u00e1cido \u00farico se dissolve no formol. Na d\u00favida do tipo de fixa\u00e7\u00e3o, converse antes com o dermatopatologista, ele poder\u00e1 lhe orientar. Na impossibilidade de acessar o patologista ou o laborat\u00f3rio, use formol 10%. E lembre-se: material n\u00e3o fixado \u00e9 material irremediavelmente perdido para an\u00e1lise histopatol\u00f3gica.<\/li>\n<li>A pe\u00e7a deve ficar imersa em um volume de formol aproximadamente 10 (dez) vezes maior que o seu pr\u00f3prio volume. Se esta regra n\u00e3o for respeitada, pode haver preju\u00edzo na fixa\u00e7\u00e3o do material. Pe\u00e7as grandes necessitam de recipientes maiores.<\/li>\n<li>Use frascos com boa veda\u00e7\u00e3o para evitar vazamento do formol.<\/li>\n<li>A pe\u00e7a cir\u00fargica deve ser transferida imediatamente para o frasco contendo formol. Nunca deixe-a repousando em uma gaze ou papel filtro antes de transfer\u00ed-la. Isso pode acarretar ressecamento e desidrata\u00e7\u00e3o do material ocasionando artefatos que prejudicam a avalia\u00e7\u00e3o histopatol\u00f3gica. Quanto menor a pe\u00e7a e mais refrigerada for a sala, maior o risco ao deixa-la exposta em ar ambiente.<\/li>\n<li>As pe\u00e7as cir\u00fargicas s\u00e3o muito delicadas. Evite pin\u00e7\u00e1-las com for\u00e7a para n\u00e3o causar artefatos de compress\u00e3o. Se for inevit\u00e1vel, fa\u00e7a-o na periferia do fragmento e nunca nas proximidades da les\u00e3o a ser estudada.<\/li>\n<li>Nunca use o eletrocaut\u00e9rio em pe\u00e7as que ser\u00e3o submetidas a exame histopatol\u00f3gico.<\/li>\n<\/ul>\n<h2>Como funciona o processo de retirada, an\u00e1lise e entrega dos resultados dos exames?&#8221;<\/h2>\n<p>A <strong>ID &#8211; Investiga\u00e7\u00e3o em Dermatologia<\/strong>\u00a0tem um processo bem definido e \u00e1gil de retirada, an\u00e1lise e entrega dos resultados de seus exames. Tudo monitorado pela nossa equipe de especialistas, que cuida para que nossos clientes sejam atendidos com efici\u00eancia e precis\u00e3o. Confira como funciona:<\/p>\n<table>\n<tbody>\n<tr>\n<td><strong><span style=\"color: #ad2941; font-size: 30pt;\">1<\/span><\/strong><\/td>\n<td valign=\"middle\"><span style=\"line-height: 25px;\">Nossa equipe de mensageiros busca os materiais nos consult\u00f3rios e faz o transporte com seguran\u00e7a;<\/span><\/td>\n<\/tr>\n<tr>\n<td><strong><span style=\"color: #ad2941; font-size: 30pt;\">2<\/span><\/strong><\/td>\n<td valign=\"middle\">Os frascos a serem recolhidos devem estar acompanhados da requisi\u00e7\u00e3o preenchida com os dados de identifica\u00e7\u00e3o do paciente e informa\u00e7\u00f5es cl\u00ednicas pertinentes e da guia do conv\u00eanio assinada ou pagamento;<\/td>\n<\/tr>\n<tr>\n<td><strong><span style=\"color: #ad2941; font-size: 30pt;\">3<\/span><\/strong><\/td>\n<td valign=\"middle\">O\u00a0mensageiro registra a retirada de cada frasco em um protocolo assinado pelo atendente;<\/td>\n<\/tr>\n<tr>\n<td><strong><span style=\"color: #ad2941; font-size: 30pt;\">4<\/span><\/strong><\/td>\n<td valign=\"middle\">Ao chegar no laborat\u00f3rio, o mensageiro transfere o material recolhido para o setor de registro. O exame recebe o n\u00famero definitivo e \u00e9 encaminhado ao laborat\u00f3rio para processamento histol\u00f3gico;<\/td>\n<\/tr>\n<tr>\n<td><strong><span style=\"color: #ad2941; font-size: 30pt;\">5<\/span><\/strong><\/td>\n<td valign=\"middle\">Ap\u00f3s a confec\u00e7\u00e3o das l\u00e2minas, o laudo \u00e9 dado por um dos nossos dermatopatologistas, digitado e embalado para entrega;<\/td>\n<\/tr>\n<tr>\n<td><strong><span style=\"color: #ad2941; font-size: 30pt;\">6<\/span><\/strong><\/td>\n<td valign=\"middle\">No mesmo dia da semana seguinte \u00e0 retirada, o laudo \u00e9 entregue em m\u00e3os na cl\u00ednica de origem, sendo preenchido o protocolo de entrega.\u00a0<strong>Mais de 95% de todos os casos recebidos pelo laborat\u00f3rio s\u00e3o liberados em no m\u00e1ximo 5 dias \u00fateis.*<\/strong><\/td>\n<\/tr>\n<\/tbody>\n<\/table>\n<p><em>*Casos excepcionais ou que dependam de procedimentos adicionais (cortes seriados ou colora\u00e7\u00f5es especiais) podem levar mais tempo.<\/em><\/p>\n","protected":false},"excerpt":{"rendered":"<p>O que \u00e9 dermatopatologia? A dermatopatologia \u00e9 a \u00e1rea da medicina respons\u00e1vel pelo diagn\u00f3stico das doen\u00e7as da pele atrav\u00e9s da an\u00e1lise microsc\u00f3pica de fragmentos cut\u00e2neos e da correla\u00e7\u00e3o destes achados com as caracter\u00edsticas cl\u00ednicas apresentadas pelo paciente. Trata-se de uma sub-especialidade que \u00e9 a interface da dermatologia (diagn\u00f3stico e tratamento das doen\u00e7as da pele, mucosas &hellip; <a href=\"https:\/\/investigacaoemdermatologia.com.br\/?page_id=29\" class=\"more-link\">Continue lendo <i class=\"fa fa-arrow-circle-o-right\"><\/i><\/a><\/p>\n","protected":false},"author":5,"featured_media":0,"parent":0,"menu_order":0,"comment_status":"closed","ping_status":"closed","template":"","meta":{"footnotes":""},"class_list":["post-29","page","type-page","status-publish","hentry"],"yoast_head":"<!-- This site is optimized with the Yoast SEO plugin v27.4 - https:\/\/yoast.com\/product\/yoast-seo-wordpress\/ -->\n<title>Informa\u00e7\u00f5es - Investiga\u00e7\u00e3o em Dermatologia<\/title>\n<meta name=\"description\" content=\"Confira aqui informa\u00e7\u00f5es relevantes sobre dermatopatologia, para o paciente e para o m\u00e9dico. Quem \u00e9 o dermatopatologista? O que \u00e9 o exame? Essas e outras quest\u00f5es...\" \/>\n<meta name=\"robots\" content=\"index, follow, max-snippet:-1, max-image-preview:large, max-video-preview:-1\" \/>\n<link rel=\"canonical\" href=\"https:\/\/investigacaoemdermatologia.com.br\/?page_id=29\" \/>\n<meta name=\"twitter:label1\" content=\"Est. tempo de leitura\" \/>\n\t<meta name=\"twitter:data1\" content=\"6 minutos\" \/>\n<script type=\"application\/ld+json\" class=\"yoast-schema-graph\">{\"@context\":\"https:\\\/\\\/schema.org\",\"@graph\":[{\"@type\":\"WebPage\",\"@id\":\"https:\\\/\\\/investigacaoemdermatologia.com.br\\\/?page_id=29\",\"url\":\"https:\\\/\\\/investigacaoemdermatologia.com.br\\\/?page_id=29\",\"name\":\"Informa\u00e7\u00f5es - Investiga\u00e7\u00e3o em Dermatologia\",\"isPartOf\":{\"@id\":\"https:\\\/\\\/investigacaoemdermatologia.com.br\\\/#website\"},\"datePublished\":\"2015-11-27T19:01:50+00:00\",\"dateModified\":\"2023-08-11T04:09:54+00:00\",\"description\":\"Confira aqui informa\u00e7\u00f5es relevantes sobre dermatopatologia, para o paciente e para o m\u00e9dico. Quem \u00e9 o dermatopatologista? O que \u00e9 o exame? Essas e outras quest\u00f5es...\",\"breadcrumb\":{\"@id\":\"https:\\\/\\\/investigacaoemdermatologia.com.br\\\/?page_id=29#breadcrumb\"},\"inLanguage\":\"pt-BR\",\"potentialAction\":[{\"@type\":\"ReadAction\",\"target\":[\"https:\\\/\\\/investigacaoemdermatologia.com.br\\\/?page_id=29\"]}]},{\"@type\":\"BreadcrumbList\",\"@id\":\"https:\\\/\\\/investigacaoemdermatologia.com.br\\\/?page_id=29#breadcrumb\",\"itemListElement\":[{\"@type\":\"ListItem\",\"position\":1,\"name\":\"In\u00edcio\",\"item\":\"https:\\\/\\\/investigacaoemdermatologia.com.br\\\/\"},{\"@type\":\"ListItem\",\"position\":2,\"name\":\"Informa\u00e7\u00f5es\"}]},{\"@type\":\"WebSite\",\"@id\":\"https:\\\/\\\/investigacaoemdermatologia.com.br\\\/#website\",\"url\":\"https:\\\/\\\/investigacaoemdermatologia.com.br\\\/\",\"name\":\"Investiga\u00e7\u00e3o em Dermatologia\",\"description\":\"\",\"potentialAction\":[{\"@type\":\"SearchAction\",\"target\":{\"@type\":\"EntryPoint\",\"urlTemplate\":\"https:\\\/\\\/investigacaoemdermatologia.com.br\\\/?s={search_term_string}\"},\"query-input\":{\"@type\":\"PropertyValueSpecification\",\"valueRequired\":true,\"valueName\":\"search_term_string\"}}],\"inLanguage\":\"pt-BR\"}]}<\/script>\n<!-- \/ Yoast SEO plugin. -->","yoast_head_json":{"title":"Informa\u00e7\u00f5es - Investiga\u00e7\u00e3o em Dermatologia","description":"Confira aqui informa\u00e7\u00f5es relevantes sobre dermatopatologia, para o paciente e para o m\u00e9dico. Quem \u00e9 o dermatopatologista? O que \u00e9 o exame? Essas e outras quest\u00f5es...","robots":{"index":"index","follow":"follow","max-snippet":"max-snippet:-1","max-image-preview":"max-image-preview:large","max-video-preview":"max-video-preview:-1"},"canonical":"https:\/\/investigacaoemdermatologia.com.br\/?page_id=29","twitter_misc":{"Est. tempo de leitura":"6 minutos"},"schema":{"@context":"https:\/\/schema.org","@graph":[{"@type":"WebPage","@id":"https:\/\/investigacaoemdermatologia.com.br\/?page_id=29","url":"https:\/\/investigacaoemdermatologia.com.br\/?page_id=29","name":"Informa\u00e7\u00f5es - Investiga\u00e7\u00e3o em Dermatologia","isPartOf":{"@id":"https:\/\/investigacaoemdermatologia.com.br\/#website"},"datePublished":"2015-11-27T19:01:50+00:00","dateModified":"2023-08-11T04:09:54+00:00","description":"Confira aqui informa\u00e7\u00f5es relevantes sobre dermatopatologia, para o paciente e para o m\u00e9dico. Quem \u00e9 o dermatopatologista? O que \u00e9 o exame? Essas e outras quest\u00f5es...","breadcrumb":{"@id":"https:\/\/investigacaoemdermatologia.com.br\/?page_id=29#breadcrumb"},"inLanguage":"pt-BR","potentialAction":[{"@type":"ReadAction","target":["https:\/\/investigacaoemdermatologia.com.br\/?page_id=29"]}]},{"@type":"BreadcrumbList","@id":"https:\/\/investigacaoemdermatologia.com.br\/?page_id=29#breadcrumb","itemListElement":[{"@type":"ListItem","position":1,"name":"In\u00edcio","item":"https:\/\/investigacaoemdermatologia.com.br\/"},{"@type":"ListItem","position":2,"name":"Informa\u00e7\u00f5es"}]},{"@type":"WebSite","@id":"https:\/\/investigacaoemdermatologia.com.br\/#website","url":"https:\/\/investigacaoemdermatologia.com.br\/","name":"Investiga\u00e7\u00e3o em Dermatologia","description":"","potentialAction":[{"@type":"SearchAction","target":{"@type":"EntryPoint","urlTemplate":"https:\/\/investigacaoemdermatologia.com.br\/?s={search_term_string}"},"query-input":{"@type":"PropertyValueSpecification","valueRequired":true,"valueName":"search_term_string"}}],"inLanguage":"pt-BR"}]}},"_links":{"self":[{"href":"https:\/\/investigacaoemdermatologia.com.br\/index.php?rest_route=\/wp\/v2\/pages\/29","targetHints":{"allow":["GET"]}}],"collection":[{"href":"https:\/\/investigacaoemdermatologia.com.br\/index.php?rest_route=\/wp\/v2\/pages"}],"about":[{"href":"https:\/\/investigacaoemdermatologia.com.br\/index.php?rest_route=\/wp\/v2\/types\/page"}],"author":[{"embeddable":true,"href":"https:\/\/investigacaoemdermatologia.com.br\/index.php?rest_route=\/wp\/v2\/users\/5"}],"replies":[{"embeddable":true,"href":"https:\/\/investigacaoemdermatologia.com.br\/index.php?rest_route=%2Fwp%2Fv2%2Fcomments&post=29"}],"version-history":[{"count":12,"href":"https:\/\/investigacaoemdermatologia.com.br\/index.php?rest_route=\/wp\/v2\/pages\/29\/revisions"}],"predecessor-version":[{"id":976,"href":"https:\/\/investigacaoemdermatologia.com.br\/index.php?rest_route=\/wp\/v2\/pages\/29\/revisions\/976"}],"wp:attachment":[{"href":"https:\/\/investigacaoemdermatologia.com.br\/index.php?rest_route=%2Fwp%2Fv2%2Fmedia&parent=29"}],"curies":[{"name":"wp","href":"https:\/\/api.w.org\/{rel}","templated":true}]}}