{"id":27,"date":"2015-11-27T19:01:14","date_gmt":"2015-11-27T19:01:14","guid":{"rendered":"http:\/\/clientes.visanacomunicacao.com.br\/investigacao\/?page_id=27"},"modified":"2023-08-11T02:45:49","modified_gmt":"2023-08-11T05:45:49","slug":"convenios","status":"publish","type":"page","link":"https:\/\/investigacaoemdermatologia.com.br\/?page_id=27","title":{"rendered":"Conv\u00eanios"},"content":{"rendered":"\n<figure class=\"wp-block-gallery has-nested-images columns-7 wp-block-gallery-1 is-layout-flex wp-block-gallery-is-layout-flex\">\n<figure class=\"wp-block-image size-large is-style-default\"><img loading=\"lazy\" decoding=\"async\" width=\"90\" height=\"63\" data-id=\"715\" src=\"https:\/\/investigacaoemdermatologia.com.br\/wp-content\/uploads\/2015\/11\/golden-cross.jpg\" alt=\"\" class=\"wp-image-715\"\/><\/figure>\n\n\n\n<figure class=\"wp-block-image size-large is-style-default\"><img loading=\"lazy\" decoding=\"async\" width=\"92\" height=\"26\" data-id=\"76\" src=\"https:\/\/investigacaoemdermatologia.com.br\/wp-content\/uploads\/2015\/12\/bradesco.png\" alt=\"\" class=\"wp-image-76\" style=\"object-fit:cover\"\/><\/figure>\n\n\n\n<figure class=\"wp-block-image size-large is-style-default\"><img loading=\"lazy\" decoding=\"async\" width=\"66\" height=\"38\" data-id=\"79\" src=\"https:\/\/investigacaoemdermatologia.com.br\/wp-content\/uploads\/2015\/12\/real.jpg\" alt=\"\" class=\"wp-image-79\"\/><\/figure>\n\n\n\n<figure class=\"wp-block-image size-large\"><img loading=\"lazy\" decoding=\"async\" width=\"60\" height=\"25\" data-id=\"75\" src=\"https:\/\/investigacaoemdermatologia.com.br\/wp-content\/uploads\/2015\/12\/amil.png\" alt=\"\" class=\"wp-image-75\"\/><\/figure>\n\n\n\n<figure class=\"wp-block-image size-large\"><img loading=\"lazy\" decoding=\"async\" width=\"68\" height=\"40\" data-id=\"82\" src=\"https:\/\/investigacaoemdermatologia.com.br\/wp-content\/uploads\/2015\/12\/petrobras.jpg\" alt=\"\" class=\"wp-image-82\"\/><\/figure>\n\n\n\n<figure class=\"wp-block-image size-large\"><img loading=\"lazy\" decoding=\"async\" width=\"85\" height=\"34\" data-id=\"77\" src=\"https:\/\/investigacaoemdermatologia.com.br\/wp-content\/uploads\/2015\/12\/cassi.jpg\" alt=\"\" class=\"wp-image-77\"\/><\/figure>\n\n\n\n<figure class=\"wp-block-image size-large\"><img loading=\"lazy\" decoding=\"async\" width=\"64\" height=\"52\" data-id=\"81\" src=\"https:\/\/investigacaoemdermatologia.com.br\/wp-content\/uploads\/2015\/12\/fio-saude.jpg\" alt=\"\" class=\"wp-image-81\"\/><\/figure>\n<\/figure>\n\n\n<h3 style=\"text-align: center;\">Ressalvas<\/h3>\n<ul>\n<li>AMIL \u2013 N\u00e3o atendemos os seguintes planos: 15, 44 e NEXT (Niter\u00f3i).<\/li>\n<li>BRADESCO \u2013 N\u00e3o atendemos: Rede Preferencial, Hospitalar e Sistel, Ultra Standard, Rede Perfil.<\/li>\n<li>UNIMED \u2013 N\u00e3o aceitamos Planos Unimed fora do Estado do Rio de Janeiro, cuja \u00e1rea de atendimento seja restrita a estes estados e munic\u00edpios.<\/li>\n<li>CASSI \u2013 N\u00e3o fazemos exame histopatol\u00f3gico para o plano Fam\u00edlia 1.<\/li>\n<\/ul>\n<h3>Observa\u00e7\u00f5es<\/h3>\n<ul>\n<li>(*) Amil n\u00e3o \u00e9 aceito para bi\u00f3psias.<\/li>\n<li>Imunofluoresc\u00eancia direta \u00e9 aceita por Amil e FioSaude.<\/li>\n<li>Imuno-histoqu\u00edmica \u00e9 aceita por Unimed-Rio, Bradesco, Cassi e Petrobr\u00e1s.<\/li>\n<\/ul>","protected":false},"excerpt":{"rendered":"<p>Ressalvas AMIL \u2013 N\u00e3o atendemos os seguintes planos: 15, 44 e NEXT (Niter\u00f3i). BRADESCO \u2013 N\u00e3o atendemos: Rede Preferencial, Hospitalar e Sistel, Ultra Standard, Rede Perfil. UNIMED \u2013 N\u00e3o aceitamos Planos Unimed fora do Estado do Rio de Janeiro, cuja \u00e1rea de atendimento seja restrita a estes estados e munic\u00edpios. CASSI \u2013 N\u00e3o fazemos exame &hellip; <a href=\"https:\/\/investigacaoemdermatologia.com.br\/?page_id=27\" class=\"more-link\">Continue lendo <i class=\"fa fa-arrow-circle-o-right\"><\/i><\/a><\/p>\n","protected":false},"author":5,"featured_media":0,"parent":0,"menu_order":0,"comment_status":"closed","ping_status":"closed","template":"","meta":{"footnotes":""},"class_list":["post-27","page","type-page","status-publish","hentry"],"yoast_head":"<!-- This site is optimized with the Yoast SEO plugin v27.4 - https:\/\/yoast.com\/product\/yoast-seo-wordpress\/ -->\n<title>Conv\u00eanios - Investiga\u00e7\u00e3o em Dermatologia<\/title>\n<meta name=\"description\" content=\"Confira os conv\u00eanios aceitos na Investiga\u00e7\u00e3o em Dermatologia - ID.\" \/>\n<meta name=\"robots\" content=\"index, follow, max-snippet:-1, max-image-preview:large, max-video-preview:-1\" \/>\n<link rel=\"canonical\" href=\"https:\/\/investigacaoemdermatologia.com.br\/?page_id=27\" \/>\n<meta name=\"twitter:label1\" content=\"Est. tempo de leitura\" \/>\n\t<meta name=\"twitter:data1\" content=\"2 minutos\" \/>\n<script type=\"application\/ld+json\" class=\"yoast-schema-graph\">{\"@context\":\"https:\\\/\\\/schema.org\",\"@graph\":[{\"@type\":\"WebPage\",\"@id\":\"https:\\\/\\\/investigacaoemdermatologia.com.br\\\/?page_id=27\",\"url\":\"https:\\\/\\\/investigacaoemdermatologia.com.br\\\/?page_id=27\",\"name\":\"Conv\u00eanios - Investiga\u00e7\u00e3o em Dermatologia\",\"isPartOf\":{\"@id\":\"https:\\\/\\\/investigacaoemdermatologia.com.br\\\/#website\"},\"primaryImageOfPage\":{\"@id\":\"https:\\\/\\\/investigacaoemdermatologia.com.br\\\/?page_id=27#primaryimage\"},\"image\":{\"@id\":\"https:\\\/\\\/investigacaoemdermatologia.com.br\\\/?page_id=27#primaryimage\"},\"thumbnailUrl\":\"https:\\\/\\\/investigacaoemdermatologia.com.br\\\/wp-content\\\/uploads\\\/2015\\\/11\\\/golden-cross.jpg\",\"datePublished\":\"2015-11-27T19:01:14+00:00\",\"dateModified\":\"2023-08-11T05:45:49+00:00\",\"description\":\"Confira os conv\u00eanios aceitos na Investiga\u00e7\u00e3o em Dermatologia - ID.\",\"breadcrumb\":{\"@id\":\"https:\\\/\\\/investigacaoemdermatologia.com.br\\\/?page_id=27#breadcrumb\"},\"inLanguage\":\"pt-BR\",\"potentialAction\":[{\"@type\":\"ReadAction\",\"target\":[\"https:\\\/\\\/investigacaoemdermatologia.com.br\\\/?page_id=27\"]}]},{\"@type\":\"ImageObject\",\"inLanguage\":\"pt-BR\",\"@id\":\"https:\\\/\\\/investigacaoemdermatologia.com.br\\\/?page_id=27#primaryimage\",\"url\":\"https:\\\/\\\/investigacaoemdermatologia.com.br\\\/wp-content\\\/uploads\\\/2015\\\/11\\\/golden-cross.jpg\",\"contentUrl\":\"https:\\\/\\\/investigacaoemdermatologia.com.br\\\/wp-content\\\/uploads\\\/2015\\\/11\\\/golden-cross.jpg\",\"width\":90,\"height\":63},{\"@type\":\"BreadcrumbList\",\"@id\":\"https:\\\/\\\/investigacaoemdermatologia.com.br\\\/?page_id=27#breadcrumb\",\"itemListElement\":[{\"@type\":\"ListItem\",\"position\":1,\"name\":\"In\u00edcio\",\"item\":\"https:\\\/\\\/investigacaoemdermatologia.com.br\\\/\"},{\"@type\":\"ListItem\",\"position\":2,\"name\":\"Conv\u00eanios\"}]},{\"@type\":\"WebSite\",\"@id\":\"https:\\\/\\\/investigacaoemdermatologia.com.br\\\/#website\",\"url\":\"https:\\\/\\\/investigacaoemdermatologia.com.br\\\/\",\"name\":\"Investiga\u00e7\u00e3o em Dermatologia\",\"description\":\"\",\"potentialAction\":[{\"@type\":\"SearchAction\",\"target\":{\"@type\":\"EntryPoint\",\"urlTemplate\":\"https:\\\/\\\/investigacaoemdermatologia.com.br\\\/?s={search_term_string}\"},\"query-input\":{\"@type\":\"PropertyValueSpecification\",\"valueRequired\":true,\"valueName\":\"search_term_string\"}}],\"inLanguage\":\"pt-BR\"}]}<\/script>\n<!-- \/ Yoast SEO plugin. -->","yoast_head_json":{"title":"Conv\u00eanios - Investiga\u00e7\u00e3o em Dermatologia","description":"Confira os conv\u00eanios aceitos na Investiga\u00e7\u00e3o em Dermatologia - ID.","robots":{"index":"index","follow":"follow","max-snippet":"max-snippet:-1","max-image-preview":"max-image-preview:large","max-video-preview":"max-video-preview:-1"},"canonical":"https:\/\/investigacaoemdermatologia.com.br\/?page_id=27","twitter_misc":{"Est. tempo de leitura":"2 minutos"},"schema":{"@context":"https:\/\/schema.org","@graph":[{"@type":"WebPage","@id":"https:\/\/investigacaoemdermatologia.com.br\/?page_id=27","url":"https:\/\/investigacaoemdermatologia.com.br\/?page_id=27","name":"Conv\u00eanios - Investiga\u00e7\u00e3o em Dermatologia","isPartOf":{"@id":"https:\/\/investigacaoemdermatologia.com.br\/#website"},"primaryImageOfPage":{"@id":"https:\/\/investigacaoemdermatologia.com.br\/?page_id=27#primaryimage"},"image":{"@id":"https:\/\/investigacaoemdermatologia.com.br\/?page_id=27#primaryimage"},"thumbnailUrl":"https:\/\/investigacaoemdermatologia.com.br\/wp-content\/uploads\/2015\/11\/golden-cross.jpg","datePublished":"2015-11-27T19:01:14+00:00","dateModified":"2023-08-11T05:45:49+00:00","description":"Confira os conv\u00eanios aceitos na Investiga\u00e7\u00e3o em Dermatologia - ID.","breadcrumb":{"@id":"https:\/\/investigacaoemdermatologia.com.br\/?page_id=27#breadcrumb"},"inLanguage":"pt-BR","potentialAction":[{"@type":"ReadAction","target":["https:\/\/investigacaoemdermatologia.com.br\/?page_id=27"]}]},{"@type":"ImageObject","inLanguage":"pt-BR","@id":"https:\/\/investigacaoemdermatologia.com.br\/?page_id=27#primaryimage","url":"https:\/\/investigacaoemdermatologia.com.br\/wp-content\/uploads\/2015\/11\/golden-cross.jpg","contentUrl":"https:\/\/investigacaoemdermatologia.com.br\/wp-content\/uploads\/2015\/11\/golden-cross.jpg","width":90,"height":63},{"@type":"BreadcrumbList","@id":"https:\/\/investigacaoemdermatologia.com.br\/?page_id=27#breadcrumb","itemListElement":[{"@type":"ListItem","position":1,"name":"In\u00edcio","item":"https:\/\/investigacaoemdermatologia.com.br\/"},{"@type":"ListItem","position":2,"name":"Conv\u00eanios"}]},{"@type":"WebSite","@id":"https:\/\/investigacaoemdermatologia.com.br\/#website","url":"https:\/\/investigacaoemdermatologia.com.br\/","name":"Investiga\u00e7\u00e3o em Dermatologia","description":"","potentialAction":[{"@type":"SearchAction","target":{"@type":"EntryPoint","urlTemplate":"https:\/\/investigacaoemdermatologia.com.br\/?s={search_term_string}"},"query-input":{"@type":"PropertyValueSpecification","valueRequired":true,"valueName":"search_term_string"}}],"inLanguage":"pt-BR"}]}},"_links":{"self":[{"href":"https:\/\/investigacaoemdermatologia.com.br\/index.php?rest_route=\/wp\/v2\/pages\/27","targetHints":{"allow":["GET"]}}],"collection":[{"href":"https:\/\/investigacaoemdermatologia.com.br\/index.php?rest_route=\/wp\/v2\/pages"}],"about":[{"href":"https:\/\/investigacaoemdermatologia.com.br\/index.php?rest_route=\/wp\/v2\/types\/page"}],"author":[{"embeddable":true,"href":"https:\/\/investigacaoemdermatologia.com.br\/index.php?rest_route=\/wp\/v2\/users\/5"}],"replies":[{"embeddable":true,"href":"https:\/\/investigacaoemdermatologia.com.br\/index.php?rest_route=%2Fwp%2Fv2%2Fcomments&post=27"}],"version-history":[{"count":23,"href":"https:\/\/investigacaoemdermatologia.com.br\/index.php?rest_route=\/wp\/v2\/pages\/27\/revisions"}],"predecessor-version":[{"id":981,"href":"https:\/\/investigacaoemdermatologia.com.br\/index.php?rest_route=\/wp\/v2\/pages\/27\/revisions\/981"}],"wp:attachment":[{"href":"https:\/\/investigacaoemdermatologia.com.br\/index.php?rest_route=%2Fwp%2Fv2%2Fmedia&parent=27"}],"curies":[{"name":"wp","href":"https:\/\/api.w.org\/{rel}","templated":true}]}}