{"id":25,"date":"2015-11-27T19:00:50","date_gmt":"2015-11-27T19:00:50","guid":{"rendered":"http:\/\/clientes.visanacomunicacao.com.br\/investigacao\/?page_id=25"},"modified":"2023-08-11T03:49:08","modified_gmt":"2023-08-11T06:49:08","slug":"servicos","status":"publish","type":"page","link":"https:\/\/investigacaoemdermatologia.com.br\/?page_id=25","title":{"rendered":"Servi\u00e7os"},"content":{"rendered":"\n<h3 class=\"wp-block-heading\">Dermatopatologia<\/h3>\n\n\n\n<figure class=\"wp-block-image size-full\"><a href=\"https:\/\/investigacaoemdermatologia.com.br\/wp-content\/uploads\/2015\/12\/Histopatologia2.jpg\"><img loading=\"lazy\" decoding=\"async\" width=\"292\" height=\"131\" src=\"https:\/\/investigacaoemdermatologia.com.br\/wp-content\/uploads\/2015\/12\/Histopatologia2.jpg\" alt=\"\" class=\"wp-image-106\"\/><\/a><\/figure>\n\n\n\n<p><br>Reconhecimento de ant\u00edgenos presentes em determinadas c\u00e9lulas atrav\u00e9s da utiliza\u00e7\u00e3o de anticorpos monoclonais e\/ou policlonais para diagn\u00f3stico e classifica\u00e7\u00e3o de neoplasias cut\u00e2neas pouco diferenciadas.<\/p>\n\n\n\n<h3 class=\"wp-block-heading\">Imuno-histoqu\u00edmica<\/h3>\n\n\n\n<figure class=\"wp-block-image size-full\"><a href=\"https:\/\/investigacaoemdermatologia.com.br\/wp-content\/uploads\/2015\/12\/Imuno-histoquiimica.jpg\"><img loading=\"lazy\" decoding=\"async\" width=\"292\" height=\"131\" src=\"https:\/\/investigacaoemdermatologia.com.br\/wp-content\/uploads\/2015\/12\/Imuno-histoquiimica.jpg\" alt=\"\" class=\"wp-image-110\"\/><\/a><\/figure>\n\n\n\n<p><br>Exame histopatol\u00f3gico de fragmentos de pele glabra, pele volar, couro cabeludo, unhas e mucosas externas. Especializados em neoplasias melanoc\u00edticas (nevo x melanoma), doen\u00e7as inflamat\u00f3rias, tumores de anexo, neoplasias epiteliais e n\u00e3o epiteliais.<\/p>\n\n\n\n<h3 class=\"wp-block-heading\">Imunofluoresc\u00eancia direta<\/h3>\n\n\n\n<figure class=\"wp-block-image size-full\"><a href=\"https:\/\/investigacaoemdermatologia.com.br\/wp-content\/uploads\/2015\/12\/imuno-fluorescencia.jpg\"><img loading=\"lazy\" decoding=\"async\" width=\"292\" height=\"131\" src=\"https:\/\/investigacaoemdermatologia.com.br\/wp-content\/uploads\/2015\/12\/imuno-fluorescencia.jpg\" alt=\"\" class=\"wp-image-111\"\/><\/a><\/figure>\n\n\n\n<p><br>Identifica\u00e7\u00e3o de anticorpos presentes em fragmentos de pele lesada para diagn\u00f3stico de doen\u00e7as autoimunes, com destaque para dermatoses v\u00e9sico-bolhosas.<\/p>\n\n\n\n<h3 class=\"wp-block-heading\">Bi\u00f3psias<\/h3>\n\n\n\n<figure class=\"wp-block-image size-full\"><a href=\"https:\/\/investigacaoemdermatologia.com.br\/wp-content\/uploads\/2015\/11\/biopsia_canopla.jpg\"><img loading=\"lazy\" decoding=\"async\" width=\"292\" height=\"131\" src=\"https:\/\/investigacaoemdermatologia.com.br\/wp-content\/uploads\/2015\/11\/biopsia_canopla.jpg\" alt=\"\" class=\"wp-image-124\"\/><\/a><\/figure>\n\n\n\n<p><br>Obten\u00e7\u00e3o de fragmentos de pele para a realiza\u00e7\u00e3o de exame histopatol\u00f3gico em pacientes encaminhados por m\u00e9dicos assistentes, incluindo bi\u00f3psia de aparelho ungueal, couro cabeludo e mucosas.<\/p>\n","protected":false},"excerpt":{"rendered":"<p>Dermatopatologia Reconhecimento de ant\u00edgenos presentes em determinadas c\u00e9lulas atrav\u00e9s da utiliza\u00e7\u00e3o de anticorpos monoclonais e\/ou policlonais para diagn\u00f3stico e classifica\u00e7\u00e3o de neoplasias cut\u00e2neas pouco diferenciadas. Imuno-histoqu\u00edmica Exame histopatol\u00f3gico de fragmentos de pele glabra, pele volar, couro cabeludo, unhas e mucosas externas. Especializados em neoplasias melanoc\u00edticas (nevo x melanoma), doen\u00e7as inflamat\u00f3rias, tumores de anexo, neoplasias epiteliais &hellip; <a href=\"https:\/\/investigacaoemdermatologia.com.br\/?page_id=25\" class=\"more-link\">Continue lendo <i class=\"fa fa-arrow-circle-o-right\"><\/i><\/a><\/p>\n","protected":false},"author":5,"featured_media":0,"parent":0,"menu_order":0,"comment_status":"closed","ping_status":"closed","template":"","meta":{"footnotes":""},"class_list":["post-25","page","type-page","status-publish","hentry"],"yoast_head":"<!-- This site is optimized with the Yoast SEO plugin v27.6 - https:\/\/yoast.com\/product\/yoast-seo-wordpress\/ -->\n<title>Servi\u00e7os - Investiga\u00e7\u00e3o em Dermatologia<\/title>\n<meta name=\"description\" content=\"Conhe\u00e7a mais dos servi\u00e7os prestados pela ID - Investiga\u00e7\u00e3o em Dermatologia: dermatopatologia, imuno-histoqu\u00edmica, imunofluoresc\u00eancia direta e bi\u00f3psias.\" \/>\n<meta name=\"robots\" content=\"index, follow, max-snippet:-1, max-image-preview:large, max-video-preview:-1\" \/>\n<link rel=\"canonical\" href=\"https:\/\/investigacaoemdermatologia.com.br\/?page_id=25\" \/>\n<meta name=\"twitter:label1\" content=\"Est. tempo de leitura\" \/>\n\t<meta name=\"twitter:data1\" content=\"2 minutos\" \/>\n<script type=\"application\/ld+json\" class=\"yoast-schema-graph\">{\"@context\":\"https:\\\/\\\/schema.org\",\"@graph\":[{\"@type\":\"WebPage\",\"@id\":\"https:\\\/\\\/investigacaoemdermatologia.com.br\\\/?page_id=25\",\"url\":\"https:\\\/\\\/investigacaoemdermatologia.com.br\\\/?page_id=25\",\"name\":\"Servi\u00e7os - Investiga\u00e7\u00e3o em Dermatologia\",\"isPartOf\":{\"@id\":\"https:\\\/\\\/investigacaoemdermatologia.com.br\\\/#website\"},\"primaryImageOfPage\":{\"@id\":\"https:\\\/\\\/investigacaoemdermatologia.com.br\\\/?page_id=25#primaryimage\"},\"image\":{\"@id\":\"https:\\\/\\\/investigacaoemdermatologia.com.br\\\/?page_id=25#primaryimage\"},\"thumbnailUrl\":\"https:\\\/\\\/investigacaoemdermatologia.com.br\\\/wp-content\\\/uploads\\\/2015\\\/12\\\/Histopatologia2.jpg\",\"datePublished\":\"2015-11-27T19:00:50+00:00\",\"dateModified\":\"2023-08-11T06:49:08+00:00\",\"description\":\"Conhe\u00e7a mais dos servi\u00e7os prestados pela ID - Investiga\u00e7\u00e3o em Dermatologia: dermatopatologia, imuno-histoqu\u00edmica, imunofluoresc\u00eancia direta e bi\u00f3psias.\",\"breadcrumb\":{\"@id\":\"https:\\\/\\\/investigacaoemdermatologia.com.br\\\/?page_id=25#breadcrumb\"},\"inLanguage\":\"pt-BR\",\"potentialAction\":[{\"@type\":\"ReadAction\",\"target\":[\"https:\\\/\\\/investigacaoemdermatologia.com.br\\\/?page_id=25\"]}]},{\"@type\":\"ImageObject\",\"inLanguage\":\"pt-BR\",\"@id\":\"https:\\\/\\\/investigacaoemdermatologia.com.br\\\/?page_id=25#primaryimage\",\"url\":\"https:\\\/\\\/investigacaoemdermatologia.com.br\\\/wp-content\\\/uploads\\\/2015\\\/12\\\/Histopatologia2.jpg\",\"contentUrl\":\"https:\\\/\\\/investigacaoemdermatologia.com.br\\\/wp-content\\\/uploads\\\/2015\\\/12\\\/Histopatologia2.jpg\",\"width\":292,\"height\":131},{\"@type\":\"BreadcrumbList\",\"@id\":\"https:\\\/\\\/investigacaoemdermatologia.com.br\\\/?page_id=25#breadcrumb\",\"itemListElement\":[{\"@type\":\"ListItem\",\"position\":1,\"name\":\"In\u00edcio\",\"item\":\"https:\\\/\\\/investigacaoemdermatologia.com.br\\\/\"},{\"@type\":\"ListItem\",\"position\":2,\"name\":\"Servi\u00e7os\"}]},{\"@type\":\"WebSite\",\"@id\":\"https:\\\/\\\/investigacaoemdermatologia.com.br\\\/#website\",\"url\":\"https:\\\/\\\/investigacaoemdermatologia.com.br\\\/\",\"name\":\"Investiga\u00e7\u00e3o em Dermatologia\",\"description\":\"\",\"potentialAction\":[{\"@type\":\"SearchAction\",\"target\":{\"@type\":\"EntryPoint\",\"urlTemplate\":\"https:\\\/\\\/investigacaoemdermatologia.com.br\\\/?s={search_term_string}\"},\"query-input\":{\"@type\":\"PropertyValueSpecification\",\"valueRequired\":true,\"valueName\":\"search_term_string\"}}],\"inLanguage\":\"pt-BR\"}]}<\/script>\n<!-- \/ Yoast SEO plugin. -->","yoast_head_json":{"title":"Servi\u00e7os - Investiga\u00e7\u00e3o em Dermatologia","description":"Conhe\u00e7a mais dos servi\u00e7os prestados pela ID - Investiga\u00e7\u00e3o em Dermatologia: dermatopatologia, imuno-histoqu\u00edmica, imunofluoresc\u00eancia direta e bi\u00f3psias.","robots":{"index":"index","follow":"follow","max-snippet":"max-snippet:-1","max-image-preview":"max-image-preview:large","max-video-preview":"max-video-preview:-1"},"canonical":"https:\/\/investigacaoemdermatologia.com.br\/?page_id=25","twitter_misc":{"Est. tempo de leitura":"2 minutos"},"schema":{"@context":"https:\/\/schema.org","@graph":[{"@type":"WebPage","@id":"https:\/\/investigacaoemdermatologia.com.br\/?page_id=25","url":"https:\/\/investigacaoemdermatologia.com.br\/?page_id=25","name":"Servi\u00e7os - Investiga\u00e7\u00e3o em Dermatologia","isPartOf":{"@id":"https:\/\/investigacaoemdermatologia.com.br\/#website"},"primaryImageOfPage":{"@id":"https:\/\/investigacaoemdermatologia.com.br\/?page_id=25#primaryimage"},"image":{"@id":"https:\/\/investigacaoemdermatologia.com.br\/?page_id=25#primaryimage"},"thumbnailUrl":"https:\/\/investigacaoemdermatologia.com.br\/wp-content\/uploads\/2015\/12\/Histopatologia2.jpg","datePublished":"2015-11-27T19:00:50+00:00","dateModified":"2023-08-11T06:49:08+00:00","description":"Conhe\u00e7a mais dos servi\u00e7os prestados pela ID - Investiga\u00e7\u00e3o em Dermatologia: dermatopatologia, imuno-histoqu\u00edmica, imunofluoresc\u00eancia direta e bi\u00f3psias.","breadcrumb":{"@id":"https:\/\/investigacaoemdermatologia.com.br\/?page_id=25#breadcrumb"},"inLanguage":"pt-BR","potentialAction":[{"@type":"ReadAction","target":["https:\/\/investigacaoemdermatologia.com.br\/?page_id=25"]}]},{"@type":"ImageObject","inLanguage":"pt-BR","@id":"https:\/\/investigacaoemdermatologia.com.br\/?page_id=25#primaryimage","url":"https:\/\/investigacaoemdermatologia.com.br\/wp-content\/uploads\/2015\/12\/Histopatologia2.jpg","contentUrl":"https:\/\/investigacaoemdermatologia.com.br\/wp-content\/uploads\/2015\/12\/Histopatologia2.jpg","width":292,"height":131},{"@type":"BreadcrumbList","@id":"https:\/\/investigacaoemdermatologia.com.br\/?page_id=25#breadcrumb","itemListElement":[{"@type":"ListItem","position":1,"name":"In\u00edcio","item":"https:\/\/investigacaoemdermatologia.com.br\/"},{"@type":"ListItem","position":2,"name":"Servi\u00e7os"}]},{"@type":"WebSite","@id":"https:\/\/investigacaoemdermatologia.com.br\/#website","url":"https:\/\/investigacaoemdermatologia.com.br\/","name":"Investiga\u00e7\u00e3o em Dermatologia","description":"","potentialAction":[{"@type":"SearchAction","target":{"@type":"EntryPoint","urlTemplate":"https:\/\/investigacaoemdermatologia.com.br\/?s={search_term_string}"},"query-input":{"@type":"PropertyValueSpecification","valueRequired":true,"valueName":"search_term_string"}}],"inLanguage":"pt-BR"}]}},"_links":{"self":[{"href":"https:\/\/investigacaoemdermatologia.com.br\/index.php?rest_route=\/wp\/v2\/pages\/25","targetHints":{"allow":["GET"]}}],"collection":[{"href":"https:\/\/investigacaoemdermatologia.com.br\/index.php?rest_route=\/wp\/v2\/pages"}],"about":[{"href":"https:\/\/investigacaoemdermatologia.com.br\/index.php?rest_route=\/wp\/v2\/types\/page"}],"author":[{"embeddable":true,"href":"https:\/\/investigacaoemdermatologia.com.br\/index.php?rest_route=\/wp\/v2\/users\/5"}],"replies":[{"embeddable":true,"href":"https:\/\/investigacaoemdermatologia.com.br\/index.php?rest_route=%2Fwp%2Fv2%2Fcomments&post=25"}],"version-history":[{"count":14,"href":"https:\/\/investigacaoemdermatologia.com.br\/index.php?rest_route=\/wp\/v2\/pages\/25\/revisions"}],"predecessor-version":[{"id":985,"href":"https:\/\/investigacaoemdermatologia.com.br\/index.php?rest_route=\/wp\/v2\/pages\/25\/revisions\/985"}],"wp:attachment":[{"href":"https:\/\/investigacaoemdermatologia.com.br\/index.php?rest_route=%2Fwp%2Fv2%2Fmedia&parent=25"}],"curies":[{"name":"wp","href":"https:\/\/api.w.org\/{rel}","templated":true}]}}