{"id":23,"date":"2015-11-27T19:00:33","date_gmt":"2015-11-27T19:00:33","guid":{"rendered":"http:\/\/clientes.visanacomunicacao.com.br\/investigacao\/?page_id=23"},"modified":"2023-08-11T04:01:16","modified_gmt":"2023-08-11T07:01:16","slug":"dermatopatologias","status":"publish","type":"page","link":"https:\/\/investigacaoemdermatologia.com.br\/?page_id=23","title":{"rendered":"Especialistas"},"content":{"rendered":"<div class=\"wp-block-image\">\n<figure class=\"alignleft size-full\"><a href=\"https:\/\/investigacaoemdermatologia.com.br\/wp-content\/uploads\/2015\/11\/auxiliadora.jpg\"><img loading=\"lazy\" decoding=\"async\" width=\"140\" height=\"179\" src=\"https:\/\/investigacaoemdermatologia.com.br\/wp-content\/uploads\/2015\/11\/auxiliadora.jpg\" alt=\"\" class=\"wp-image-66\"\/><\/a><\/figure>\n<\/div>\n\n\n<p class=\"has-text-align-left\"><a title=\"Curr\u00edculo Lattes\" href=\"http:\/\/buscatextual.cnpq.br\/buscatextual\/visualizacv.do?id=K4781166E7\" target=\"_blank\" rel=\"noopener\">Curr\u00edculo Lattes<\/a><\/p>\n\n\n\n<p><strong>Dra. Maria Auxiliadora Jeunon Sousa<\/strong><\/p>\n\n\n\n<ul class=\"wp-block-list\">\n<li>Diretora e Fundadora da ID \u2013 Investiga\u00e7\u00e3o em Dermatologia<\/li>\n\n\n\n<li>Professora do Servi\u00e7o de Dermatologia e Chefe do Setor de Dermatopatologia do Hospital Universit\u00e1rio Pedro Ernesto \/ Universidade do Estado do Rio de Janeiro entre 1979-2008<\/li>\n\n\n\n<li><em>Visiting\/Research Fellowship<\/em> em Dermatopatologia na <em>New York University<\/em> e no <em>Jeferson Medical College (Director: Prof. A. Bernard Ackerman)<\/em><\/li>\n\n\n\n<li>Especialista em Dermatologia e S\u00f3cio Efetivo da Sociedade Brasileira de Dermatologia<\/li>\n\n\n\n<li>Especialista em Hansen\u00edase pela Sociedade Brasileira de Hansenologia<\/li>\n\n\n\n<li>Resid\u00eancia em Dermatologia no Hospital Universit\u00e1rio Pedro Ernesto \/ Universidade do Estado do Rio de Janeiro<\/li>\n\n\n\n<li>Graduada em Medicina pela Universidade do Estado do Rio de Janeiro<\/li>\n\n\n\n<li>Editora contribuinte do site <a href=\"http:\/\/derm101.com\" target=\"_blank\" rel=\"noopener\">derm101.com<\/a><\/li>\n<\/ul>\n\n\n<div class=\"wp-block-image\">\n<figure class=\"alignleft size-full\"><a href=\"https:\/\/investigacaoemdermatologia.com.br\/wp-content\/uploads\/2015\/11\/thiago.jpg\"><img loading=\"lazy\" decoding=\"async\" width=\"134\" height=\"181\" src=\"https:\/\/investigacaoemdermatologia.com.br\/wp-content\/uploads\/2015\/11\/thiago.jpg\" alt=\"\" class=\"wp-image-65\"\/><\/a><\/figure>\n<\/div>\n\n\n<p class=\"has-text-align-left\"><a title=\"Curr\u00edculo Lattes\" href=\"http:\/\/buscatextual.cnpq.br\/buscatextual\/visualizacv.do?id=K4531570Z0\" target=\"_blank\" rel=\"noopener\">Curr\u00edculo Lattes<\/a><\/p>\n\n\n\n<p><strong>Dr. Thiago Jeunon<\/strong><\/p>\n\n\n\n<ul class=\"wp-block-list\">\n<li>Dermatologista, preceptor da resid\u00eancia m\u00e9dica e chefe do departamento de Dermatopatologia do Servi\u00e7o de Dermatologia do Hospital Federal de Bonsucesso<\/li>\n\n\n\n<li><em>Board certification in dermatopathology<\/em> pela <em>International Society of Dermatopathology<\/em><\/li>\n\n\n\n<li><em>Visiting\/Research Fellowship<\/em> em Dermatopatologia na <em>Ackerman Academy of Dermatopathology (Directors: A. Bernard Ackerman and Prof. Geoffrey Gottlieb)<\/em><\/li>\n\n\n\n<li>Especialista em Dermatologia e S\u00f3cio Efetivo da Sociedade Brasileira de Dermatologia<\/li>\n\n\n\n<li>Resid\u00eancia em Dermatologia no Hospital Universit\u00e1rio Pedro Ernesto \/ Universidade do Estado do Rio de Janeiro<\/li>\n\n\n\n<li><span style=\"line-height: 1.5;\">Resid\u00eancia em Cl\u00ednica M\u00e9dica no Hospital Geral de Bonsucesso<\/span><\/li>\n\n\n\n<li>Graduado em Medicina pela Universidade Federal do Rio de Janeiro<\/li>\n\n\n\n<li>Editor contribuinte do site <a href=\"http:\/\/derm101.com\/\" target=\"_blank\" rel=\"noopener noreferrer\">derm101.com<\/a> e membro do <em>Editorial Board<\/em> da publica\u00e7\u00e3o <em>Dermatology: Practical &amp; Conceptual<\/em><\/li>\n<\/ul>\n\n\n<div class=\"wp-block-image\">\n<figure class=\"alignleft size-full\"><a href=\"https:\/\/investigacaoemdermatologia.com.br\/wp-content\/uploads\/2015\/11\/renata.png\"><img loading=\"lazy\" decoding=\"async\" width=\"134\" height=\"181\" src=\"https:\/\/investigacaoemdermatologia.com.br\/wp-content\/uploads\/2015\/11\/renata.png\" alt=\"\" class=\"wp-image-262\"\/><\/a><\/figure>\n<\/div>\n\n\n<p class=\"has-text-align-left\"><a title=\"Curr\u00edculo Lattes\" href=\"http:\/\/buscatextual.cnpq.br\/buscatextual\/visualizacv.do?id=K4255389P4\" target=\"_blank\" rel=\"noopener\">Curr\u00edculo Lattes<\/a><\/p>\n\n\n\n<p><strong>Dr\u00aa. Renata Zamolyi<\/strong><\/p>\n\n\n\n<ul class=\"wp-block-list\">\n<li>Resid\u00eancia em Anatomia Patol\u00f3gica pelo Instituto Nacional do C\u00e2ncer&nbsp;(INCA)<\/li>\n\n\n\n<li>T\u00edtulo de especialista em Anatomia Patol\u00f3gica pela Sociedade Brasileira de Patologia<\/li>\n\n\n\n<li><em>Visiting Fellowship<\/em> em Anatomia Patol\u00f3gica com \u00eanfase em partes moles na <em>Mayo Clinic (Rochester, USA)<\/em><\/li>\n\n\n\n<li>Mestre em Anatomia Patol\u00f3gica pela Universidade Federal do Rio de Janeiro (UFRJ)<\/li>\n\n\n\n<li>Chefe do Servi\u00e7o de Anatomia Patol\u00f3gica do Hospital Federal de Bonsucesso<\/li>\n<\/ul>\n","protected":false},"excerpt":{"rendered":"<p>Curr\u00edculo Lattes Dra. Maria Auxiliadora Jeunon Sousa Curr\u00edculo Lattes Dr. Thiago Jeunon Curr\u00edculo Lattes Dr\u00aa. Renata Zamolyi<\/p>\n","protected":false},"author":5,"featured_media":0,"parent":0,"menu_order":0,"comment_status":"closed","ping_status":"closed","template":"","meta":{"footnotes":""},"class_list":["post-23","page","type-page","status-publish","hentry"],"yoast_head":"<!-- This site is optimized with the Yoast SEO plugin v27.4 - https:\/\/yoast.com\/product\/yoast-seo-wordpress\/ -->\n<title>Especialistas - Investiga\u00e7\u00e3o em Dermatologia<\/title>\n<meta name=\"description\" content=\"A ID - Investiga\u00e7\u00e3o em Dermatologia conta com um corpo de especialistas altamente qualificado e experiente, que conduz com qualidade o dia a dia da empresa.\" \/>\n<meta name=\"robots\" content=\"index, follow, max-snippet:-1, max-image-preview:large, max-video-preview:-1\" \/>\n<link rel=\"canonical\" href=\"https:\/\/investigacaoemdermatologia.com.br\/?page_id=23\" \/>\n<meta name=\"twitter:label1\" content=\"Est. tempo de leitura\" \/>\n\t<meta name=\"twitter:data1\" content=\"3 minutos\" \/>\n<script type=\"application\/ld+json\" class=\"yoast-schema-graph\">{\"@context\":\"https:\\\/\\\/schema.org\",\"@graph\":[{\"@type\":\"WebPage\",\"@id\":\"https:\\\/\\\/investigacaoemdermatologia.com.br\\\/?page_id=23\",\"url\":\"https:\\\/\\\/investigacaoemdermatologia.com.br\\\/?page_id=23\",\"name\":\"Especialistas - Investiga\u00e7\u00e3o em Dermatologia\",\"isPartOf\":{\"@id\":\"https:\\\/\\\/investigacaoemdermatologia.com.br\\\/#website\"},\"primaryImageOfPage\":{\"@id\":\"https:\\\/\\\/investigacaoemdermatologia.com.br\\\/?page_id=23#primaryimage\"},\"image\":{\"@id\":\"https:\\\/\\\/investigacaoemdermatologia.com.br\\\/?page_id=23#primaryimage\"},\"thumbnailUrl\":\"https:\\\/\\\/investigacaoemdermatologia.com.br\\\/wp-content\\\/uploads\\\/2015\\\/11\\\/auxiliadora.jpg\",\"datePublished\":\"2015-11-27T19:00:33+00:00\",\"dateModified\":\"2023-08-11T07:01:16+00:00\",\"description\":\"A ID - Investiga\u00e7\u00e3o em Dermatologia conta com um corpo de especialistas altamente qualificado e experiente, que conduz com qualidade o dia a dia da empresa.\",\"breadcrumb\":{\"@id\":\"https:\\\/\\\/investigacaoemdermatologia.com.br\\\/?page_id=23#breadcrumb\"},\"inLanguage\":\"pt-BR\",\"potentialAction\":[{\"@type\":\"ReadAction\",\"target\":[\"https:\\\/\\\/investigacaoemdermatologia.com.br\\\/?page_id=23\"]}]},{\"@type\":\"ImageObject\",\"inLanguage\":\"pt-BR\",\"@id\":\"https:\\\/\\\/investigacaoemdermatologia.com.br\\\/?page_id=23#primaryimage\",\"url\":\"https:\\\/\\\/investigacaoemdermatologia.com.br\\\/wp-content\\\/uploads\\\/2015\\\/11\\\/auxiliadora.jpg\",\"contentUrl\":\"https:\\\/\\\/investigacaoemdermatologia.com.br\\\/wp-content\\\/uploads\\\/2015\\\/11\\\/auxiliadora.jpg\",\"width\":140,\"height\":179},{\"@type\":\"BreadcrumbList\",\"@id\":\"https:\\\/\\\/investigacaoemdermatologia.com.br\\\/?page_id=23#breadcrumb\",\"itemListElement\":[{\"@type\":\"ListItem\",\"position\":1,\"name\":\"In\u00edcio\",\"item\":\"https:\\\/\\\/investigacaoemdermatologia.com.br\\\/\"},{\"@type\":\"ListItem\",\"position\":2,\"name\":\"Especialistas\"}]},{\"@type\":\"WebSite\",\"@id\":\"https:\\\/\\\/investigacaoemdermatologia.com.br\\\/#website\",\"url\":\"https:\\\/\\\/investigacaoemdermatologia.com.br\\\/\",\"name\":\"Investiga\u00e7\u00e3o em Dermatologia\",\"description\":\"\",\"potentialAction\":[{\"@type\":\"SearchAction\",\"target\":{\"@type\":\"EntryPoint\",\"urlTemplate\":\"https:\\\/\\\/investigacaoemdermatologia.com.br\\\/?s={search_term_string}\"},\"query-input\":{\"@type\":\"PropertyValueSpecification\",\"valueRequired\":true,\"valueName\":\"search_term_string\"}}],\"inLanguage\":\"pt-BR\"}]}<\/script>\n<!-- \/ Yoast SEO plugin. -->","yoast_head_json":{"title":"Especialistas - Investiga\u00e7\u00e3o em Dermatologia","description":"A ID - Investiga\u00e7\u00e3o em Dermatologia conta com um corpo de especialistas altamente qualificado e experiente, que conduz com qualidade o dia a dia da empresa.","robots":{"index":"index","follow":"follow","max-snippet":"max-snippet:-1","max-image-preview":"max-image-preview:large","max-video-preview":"max-video-preview:-1"},"canonical":"https:\/\/investigacaoemdermatologia.com.br\/?page_id=23","twitter_misc":{"Est. tempo de leitura":"3 minutos"},"schema":{"@context":"https:\/\/schema.org","@graph":[{"@type":"WebPage","@id":"https:\/\/investigacaoemdermatologia.com.br\/?page_id=23","url":"https:\/\/investigacaoemdermatologia.com.br\/?page_id=23","name":"Especialistas - Investiga\u00e7\u00e3o em Dermatologia","isPartOf":{"@id":"https:\/\/investigacaoemdermatologia.com.br\/#website"},"primaryImageOfPage":{"@id":"https:\/\/investigacaoemdermatologia.com.br\/?page_id=23#primaryimage"},"image":{"@id":"https:\/\/investigacaoemdermatologia.com.br\/?page_id=23#primaryimage"},"thumbnailUrl":"https:\/\/investigacaoemdermatologia.com.br\/wp-content\/uploads\/2015\/11\/auxiliadora.jpg","datePublished":"2015-11-27T19:00:33+00:00","dateModified":"2023-08-11T07:01:16+00:00","description":"A ID - Investiga\u00e7\u00e3o em Dermatologia conta com um corpo de especialistas altamente qualificado e experiente, que conduz com qualidade o dia a dia da empresa.","breadcrumb":{"@id":"https:\/\/investigacaoemdermatologia.com.br\/?page_id=23#breadcrumb"},"inLanguage":"pt-BR","potentialAction":[{"@type":"ReadAction","target":["https:\/\/investigacaoemdermatologia.com.br\/?page_id=23"]}]},{"@type":"ImageObject","inLanguage":"pt-BR","@id":"https:\/\/investigacaoemdermatologia.com.br\/?page_id=23#primaryimage","url":"https:\/\/investigacaoemdermatologia.com.br\/wp-content\/uploads\/2015\/11\/auxiliadora.jpg","contentUrl":"https:\/\/investigacaoemdermatologia.com.br\/wp-content\/uploads\/2015\/11\/auxiliadora.jpg","width":140,"height":179},{"@type":"BreadcrumbList","@id":"https:\/\/investigacaoemdermatologia.com.br\/?page_id=23#breadcrumb","itemListElement":[{"@type":"ListItem","position":1,"name":"In\u00edcio","item":"https:\/\/investigacaoemdermatologia.com.br\/"},{"@type":"ListItem","position":2,"name":"Especialistas"}]},{"@type":"WebSite","@id":"https:\/\/investigacaoemdermatologia.com.br\/#website","url":"https:\/\/investigacaoemdermatologia.com.br\/","name":"Investiga\u00e7\u00e3o em Dermatologia","description":"","potentialAction":[{"@type":"SearchAction","target":{"@type":"EntryPoint","urlTemplate":"https:\/\/investigacaoemdermatologia.com.br\/?s={search_term_string}"},"query-input":{"@type":"PropertyValueSpecification","valueRequired":true,"valueName":"search_term_string"}}],"inLanguage":"pt-BR"}]}},"_links":{"self":[{"href":"https:\/\/investigacaoemdermatologia.com.br\/index.php?rest_route=\/wp\/v2\/pages\/23","targetHints":{"allow":["GET"]}}],"collection":[{"href":"https:\/\/investigacaoemdermatologia.com.br\/index.php?rest_route=\/wp\/v2\/pages"}],"about":[{"href":"https:\/\/investigacaoemdermatologia.com.br\/index.php?rest_route=\/wp\/v2\/types\/page"}],"author":[{"embeddable":true,"href":"https:\/\/investigacaoemdermatologia.com.br\/index.php?rest_route=\/wp\/v2\/users\/5"}],"replies":[{"embeddable":true,"href":"https:\/\/investigacaoemdermatologia.com.br\/index.php?rest_route=%2Fwp%2Fv2%2Fcomments&post=23"}],"version-history":[{"count":21,"href":"https:\/\/investigacaoemdermatologia.com.br\/index.php?rest_route=\/wp\/v2\/pages\/23\/revisions"}],"predecessor-version":[{"id":989,"href":"https:\/\/investigacaoemdermatologia.com.br\/index.php?rest_route=\/wp\/v2\/pages\/23\/revisions\/989"}],"wp:attachment":[{"href":"https:\/\/investigacaoemdermatologia.com.br\/index.php?rest_route=%2Fwp%2Fv2%2Fmedia&parent=23"}],"curies":[{"name":"wp","href":"https:\/\/api.w.org\/{rel}","templated":true}]}}