{"id":19,"date":"2015-11-27T18:59:45","date_gmt":"2015-11-27T18:59:45","guid":{"rendered":"http:\/\/clientes.visanacomunicacao.com.br\/investigacao\/?page_id=19"},"modified":"2023-08-10T22:30:49","modified_gmt":"2023-08-11T01:30:49","slug":"equipe","status":"publish","type":"page","link":"https:\/\/investigacaoemdermatologia.com.br\/?page_id=19","title":{"rendered":"Equipe"},"content":{"rendered":"<p><a href=\"https:\/\/investigacaoemdermatologia.com.br\/wp-content\/uploads\/2015\/11\/Equipe-1024x6351.jpg\"><img loading=\"lazy\" decoding=\"async\" class=\"aligncenter wp-image-45 size-full\" src=\"https:\/\/investigacaoemdermatologia.com.br\/wp-content\/uploads\/2015\/11\/Equipe-1024x6351.jpg\" alt=\"\" width=\"1024\" height=\"635\" srcset=\"https:\/\/investigacaoemdermatologia.com.br\/wp-content\/uploads\/2015\/11\/Equipe-1024x6351.jpg 1024w, https:\/\/investigacaoemdermatologia.com.br\/wp-content\/uploads\/2015\/11\/Equipe-1024x6351-300x186.jpg 300w\" sizes=\"auto, (max-width: 1024px) 100vw, 1024px\" \/><\/a>A\u00a0<strong>ID \u2013 Investiga\u00e7\u00e3o em Dermatologia<\/strong> conta com uma equipe de 35 colaboradores incluindo m\u00e9dicos, bi\u00f3logos, histo-t\u00e9cnicos, gerente, assistentes administrativos, auxiliares administrativos, recepcionistas, auxiliar de manuten\u00e7\u00e3o e mensageiros que se distribuem em diversos setores, tais como Dire\u00e7\u00e3o, Corpo M\u00e9dico, Ger\u00eancia, \u00c1rea T\u00e9cnica, Digita\u00e7\u00e3o\/Transcri\u00e7\u00e3o, Faturamento, Recep\u00e7\u00e3o e Recolhimento\/Entrega.<\/p>\n","protected":false},"excerpt":{"rendered":"<p>A\u00a0ID \u2013 Investiga\u00e7\u00e3o em Dermatologia conta com uma equipe de 35 colaboradores incluindo m\u00e9dicos, bi\u00f3logos, histo-t\u00e9cnicos, gerente, assistentes administrativos, auxiliares administrativos, recepcionistas, auxiliar de manuten\u00e7\u00e3o e mensageiros que se distribuem em diversos setores, tais como Dire\u00e7\u00e3o, Corpo M\u00e9dico, Ger\u00eancia, \u00c1rea T\u00e9cnica, Digita\u00e7\u00e3o\/Transcri\u00e7\u00e3o, Faturamento, Recep\u00e7\u00e3o e Recolhimento\/Entrega.<\/p>\n","protected":false},"author":5,"featured_media":0,"parent":0,"menu_order":0,"comment_status":"closed","ping_status":"closed","template":"","meta":{"footnotes":""},"class_list":["post-19","page","type-page","status-publish","hentry"],"yoast_head":"<!-- This site is optimized with the Yoast SEO plugin v27.6 - https:\/\/yoast.com\/product\/yoast-seo-wordpress\/ -->\n<title>Equipe - Investiga\u00e7\u00e3o em Dermatologia<\/title>\n<meta name=\"description\" content=\"A ID \u2013 Investiga\u00e7\u00e3o em Dermatologia conta com uma equipe de 35 colaboradores incluindo m\u00e9dicos, bi\u00f3logos, histo-t\u00e9cnicos e profissionais administrativos.\" \/>\n<meta name=\"robots\" content=\"index, follow, max-snippet:-1, max-image-preview:large, max-video-preview:-1\" \/>\n<link rel=\"canonical\" href=\"https:\/\/investigacaoemdermatologia.com.br\/?page_id=19\" \/>\n<meta name=\"twitter:label1\" content=\"Est. tempo de leitura\" \/>\n\t<meta name=\"twitter:data1\" content=\"1 minuto\" \/>\n<script type=\"application\/ld+json\" class=\"yoast-schema-graph\">{\"@context\":\"https:\\\/\\\/schema.org\",\"@graph\":[{\"@type\":\"WebPage\",\"@id\":\"https:\\\/\\\/investigacaoemdermatologia.com.br\\\/?page_id=19\",\"url\":\"https:\\\/\\\/investigacaoemdermatologia.com.br\\\/?page_id=19\",\"name\":\"Equipe - Investiga\u00e7\u00e3o em Dermatologia\",\"isPartOf\":{\"@id\":\"https:\\\/\\\/investigacaoemdermatologia.com.br\\\/#website\"},\"primaryImageOfPage\":{\"@id\":\"https:\\\/\\\/investigacaoemdermatologia.com.br\\\/?page_id=19#primaryimage\"},\"image\":{\"@id\":\"https:\\\/\\\/investigacaoemdermatologia.com.br\\\/?page_id=19#primaryimage\"},\"thumbnailUrl\":\"https:\\\/\\\/investigacaoemdermatologia.com.br\\\/wp-content\\\/uploads\\\/2015\\\/11\\\/Equipe-1024x6351.jpg\",\"datePublished\":\"2015-11-27T18:59:45+00:00\",\"dateModified\":\"2023-08-11T01:30:49+00:00\",\"description\":\"A ID \u2013 Investiga\u00e7\u00e3o em Dermatologia conta com uma equipe de 35 colaboradores incluindo m\u00e9dicos, bi\u00f3logos, histo-t\u00e9cnicos e profissionais administrativos.\",\"breadcrumb\":{\"@id\":\"https:\\\/\\\/investigacaoemdermatologia.com.br\\\/?page_id=19#breadcrumb\"},\"inLanguage\":\"pt-BR\",\"potentialAction\":[{\"@type\":\"ReadAction\",\"target\":[\"https:\\\/\\\/investigacaoemdermatologia.com.br\\\/?page_id=19\"]}]},{\"@type\":\"ImageObject\",\"inLanguage\":\"pt-BR\",\"@id\":\"https:\\\/\\\/investigacaoemdermatologia.com.br\\\/?page_id=19#primaryimage\",\"url\":\"https:\\\/\\\/investigacaoemdermatologia.com.br\\\/wp-content\\\/uploads\\\/2015\\\/11\\\/Equipe-1024x6351.jpg\",\"contentUrl\":\"https:\\\/\\\/investigacaoemdermatologia.com.br\\\/wp-content\\\/uploads\\\/2015\\\/11\\\/Equipe-1024x6351.jpg\"},{\"@type\":\"BreadcrumbList\",\"@id\":\"https:\\\/\\\/investigacaoemdermatologia.com.br\\\/?page_id=19#breadcrumb\",\"itemListElement\":[{\"@type\":\"ListItem\",\"position\":1,\"name\":\"In\u00edcio\",\"item\":\"https:\\\/\\\/investigacaoemdermatologia.com.br\\\/\"},{\"@type\":\"ListItem\",\"position\":2,\"name\":\"Equipe\"}]},{\"@type\":\"WebSite\",\"@id\":\"https:\\\/\\\/investigacaoemdermatologia.com.br\\\/#website\",\"url\":\"https:\\\/\\\/investigacaoemdermatologia.com.br\\\/\",\"name\":\"Investiga\u00e7\u00e3o em Dermatologia\",\"description\":\"\",\"potentialAction\":[{\"@type\":\"SearchAction\",\"target\":{\"@type\":\"EntryPoint\",\"urlTemplate\":\"https:\\\/\\\/investigacaoemdermatologia.com.br\\\/?s={search_term_string}\"},\"query-input\":{\"@type\":\"PropertyValueSpecification\",\"valueRequired\":true,\"valueName\":\"search_term_string\"}}],\"inLanguage\":\"pt-BR\"}]}<\/script>\n<!-- \/ Yoast SEO plugin. -->","yoast_head_json":{"title":"Equipe - Investiga\u00e7\u00e3o em Dermatologia","description":"A ID \u2013 Investiga\u00e7\u00e3o em Dermatologia conta com uma equipe de 35 colaboradores incluindo m\u00e9dicos, bi\u00f3logos, histo-t\u00e9cnicos e profissionais administrativos.","robots":{"index":"index","follow":"follow","max-snippet":"max-snippet:-1","max-image-preview":"max-image-preview:large","max-video-preview":"max-video-preview:-1"},"canonical":"https:\/\/investigacaoemdermatologia.com.br\/?page_id=19","twitter_misc":{"Est. tempo de leitura":"1 minuto"},"schema":{"@context":"https:\/\/schema.org","@graph":[{"@type":"WebPage","@id":"https:\/\/investigacaoemdermatologia.com.br\/?page_id=19","url":"https:\/\/investigacaoemdermatologia.com.br\/?page_id=19","name":"Equipe - Investiga\u00e7\u00e3o em Dermatologia","isPartOf":{"@id":"https:\/\/investigacaoemdermatologia.com.br\/#website"},"primaryImageOfPage":{"@id":"https:\/\/investigacaoemdermatologia.com.br\/?page_id=19#primaryimage"},"image":{"@id":"https:\/\/investigacaoemdermatologia.com.br\/?page_id=19#primaryimage"},"thumbnailUrl":"https:\/\/investigacaoemdermatologia.com.br\/wp-content\/uploads\/2015\/11\/Equipe-1024x6351.jpg","datePublished":"2015-11-27T18:59:45+00:00","dateModified":"2023-08-11T01:30:49+00:00","description":"A ID \u2013 Investiga\u00e7\u00e3o em Dermatologia conta com uma equipe de 35 colaboradores incluindo m\u00e9dicos, bi\u00f3logos, histo-t\u00e9cnicos e profissionais administrativos.","breadcrumb":{"@id":"https:\/\/investigacaoemdermatologia.com.br\/?page_id=19#breadcrumb"},"inLanguage":"pt-BR","potentialAction":[{"@type":"ReadAction","target":["https:\/\/investigacaoemdermatologia.com.br\/?page_id=19"]}]},{"@type":"ImageObject","inLanguage":"pt-BR","@id":"https:\/\/investigacaoemdermatologia.com.br\/?page_id=19#primaryimage","url":"https:\/\/investigacaoemdermatologia.com.br\/wp-content\/uploads\/2015\/11\/Equipe-1024x6351.jpg","contentUrl":"https:\/\/investigacaoemdermatologia.com.br\/wp-content\/uploads\/2015\/11\/Equipe-1024x6351.jpg"},{"@type":"BreadcrumbList","@id":"https:\/\/investigacaoemdermatologia.com.br\/?page_id=19#breadcrumb","itemListElement":[{"@type":"ListItem","position":1,"name":"In\u00edcio","item":"https:\/\/investigacaoemdermatologia.com.br\/"},{"@type":"ListItem","position":2,"name":"Equipe"}]},{"@type":"WebSite","@id":"https:\/\/investigacaoemdermatologia.com.br\/#website","url":"https:\/\/investigacaoemdermatologia.com.br\/","name":"Investiga\u00e7\u00e3o em Dermatologia","description":"","potentialAction":[{"@type":"SearchAction","target":{"@type":"EntryPoint","urlTemplate":"https:\/\/investigacaoemdermatologia.com.br\/?s={search_term_string}"},"query-input":{"@type":"PropertyValueSpecification","valueRequired":true,"valueName":"search_term_string"}}],"inLanguage":"pt-BR"}]}},"_links":{"self":[{"href":"https:\/\/investigacaoemdermatologia.com.br\/index.php?rest_route=\/wp\/v2\/pages\/19","targetHints":{"allow":["GET"]}}],"collection":[{"href":"https:\/\/investigacaoemdermatologia.com.br\/index.php?rest_route=\/wp\/v2\/pages"}],"about":[{"href":"https:\/\/investigacaoemdermatologia.com.br\/index.php?rest_route=\/wp\/v2\/types\/page"}],"author":[{"embeddable":true,"href":"https:\/\/investigacaoemdermatologia.com.br\/index.php?rest_route=\/wp\/v2\/users\/5"}],"replies":[{"embeddable":true,"href":"https:\/\/investigacaoemdermatologia.com.br\/index.php?rest_route=%2Fwp%2Fv2%2Fcomments&post=19"}],"version-history":[{"count":9,"href":"https:\/\/investigacaoemdermatologia.com.br\/index.php?rest_route=\/wp\/v2\/pages\/19\/revisions"}],"predecessor-version":[{"id":937,"href":"https:\/\/investigacaoemdermatologia.com.br\/index.php?rest_route=\/wp\/v2\/pages\/19\/revisions\/937"}],"wp:attachment":[{"href":"https:\/\/investigacaoemdermatologia.com.br\/index.php?rest_route=%2Fwp%2Fv2%2Fmedia&parent=19"}],"curies":[{"name":"wp","href":"https:\/\/api.w.org\/{rel}","templated":true}]}}